{"id":3034,"date":"2015-12-07T13:10:27","date_gmt":"2015-12-07T13:10:27","guid":{"rendered":"http:\/\/loschmidt.chemi.muni.cz\/peg\/?page_id=3034"},"modified":"2020-09-18T10:30:44","modified_gmt":"2020-09-18T10:30:44","slug":"videos","status":"publish","type":"page","link":"https:\/\/loschmidt.chemi.muni.cz\/peg\/videos\/","title":{"rendered":"Videos"},"content":{"rendered":"<p><iframe loading=\"lazy\" src=\"https:\/\/www.youtube.com\/embed\/FJa9ov-gofM?rel=0&amp;showinfo=0&amp;vq=hd720\" width=\"515\" height=\"290\" frameborder=\"0\" allowfullscreen=\"allowfullscreen\"><\/iframe><\/p>\n<h2>Introduction of Loschmidt Laboratories (long version):<\/h2>\n<p><iframe loading=\"lazy\" src=\"https:\/\/www.youtube.com\/embed\/o618j8cCW6Y?rel=0&amp;showinfo=0&amp;vq=hd720\" width=\"515\" height=\"290\" frameborder=\"0\" allowfullscreen=\"allowfullscreen\"><\/iframe><\/p>\n<h2>&nbsp;<\/h2>\n<p><\/p><h2>Introduction of TEAMING Project<\/h2>\n<p><\/p>\n<p><iframe loading=\"lazy\" title=\"RECETOX: For a Healthy Future\" width=\"500\" height=\"281\" src=\"https:\/\/www.youtube.com\/embed\/BXalpD61zZM?start=183&#038;feature=oembed\" frameborder=\"0\" allow=\"accelerometer; autoplay; clipboard-write; encrypted-media; gyroscope; picture-in-picture; web-share\" referrerpolicy=\"strict-origin-when-cross-origin\" allowfullscreen><\/iframe><\/p>\n<h2>4<sup>th<\/sup> Summer School of Protein Engineering:<\/h2>\n<p><iframe loading=\"lazy\" src=\"https:\/\/www.youtube.com\/embed\/2RjocjeVv30?rel=0&amp;showinfo=0&amp;vq=480\" width=\"515\" height=\"386\" frameborder=\"0\" allowfullscreen=\"allowfullscreen\"><\/iframe><\/p>\n<h2>The Best Cooperation of the Year 2014 (CZ):<\/h2>\n<p><iframe loading=\"lazy\" src=\"https:\/\/www.youtube.com\/embed\/VLoYNCAfNoo?rel=0&amp;showinfo=0&amp;vq=hd720\" width=\"515\" height=\"290\" frameborder=\"0\" allowfullscreen=\"allowfullscreen\"><\/iframe><\/p>\n<h2>Hunters of Mysteries \u201cL\u00e9\u010div\u00e9 bakterie\u201d (CZ):<\/h2>\n<p><a href=\"http:\/\/decko.ceskatelevize.cz\/lovci-zahad\/\" target=\"_blank\" rel=\"noopener noreferrer\"><img loading=\"lazy\" decoding=\"async\" class=\"aligncenter size-large wp-image-3063\" src=\"http:\/\/loschmidt.chemi.muni.cz\/peg\/wp-content\/uploads\/2015\/12\/Hunters_of_mystery-515x341.jpg\" alt=\"Hunters_of_mystery\" width=\"515\" height=\"341\" srcset=\"https:\/\/loschmidt.chemi.muni.cz\/peg\/wp-content\/uploads\/2015\/12\/Hunters_of_mystery-515x341.jpg 515w, https:\/\/loschmidt.chemi.muni.cz\/peg\/wp-content\/uploads\/2015\/12\/Hunters_of_mystery-300x199.jpg 300w, https:\/\/loschmidt.chemi.muni.cz\/peg\/wp-content\/uploads\/2015\/12\/Hunters_of_mystery.jpg 685w\" sizes=\"auto, (max-width: 515px) 100vw, 515px\" \/><\/a><\/p>\n<h2>Popularis \u201cMecen\u00e1\u0161 \u010desk\u00e9 v\u011bdy: Alfred Bader\u201d (CZ):<\/h2>\n<div style=\"text-align: center;\"><a href=\"http:\/\/www.ceskatelevize.cz\/porady\/1095969461-popularis\/204562241900013\/456-popularis-prisp\/?prisp_id=190\" target=\"_blank\" rel=\"noopener noreferrer\"><img loading=\"lazy\" decoding=\"async\" class=\"aligncenter size-medium wp-image-3077\" src=\"http:\/\/loschmidt.chemi.muni.cz\/peg\/wp-content\/uploads\/2015\/12\/Alfred_Bader.jpg\" alt=\"Popularis\" width=\"515\" height=\"300\"><\/a><\/div>\n<h2>Port \u201cKladivo na jedy\u201d (CZ):<\/h2>\n<p><a href=\"http:\/\/www.ceskatelevize.cz\/porady\/10121359557-port\/ekologie\/467-kladivo-na-jedy\/\" target=\"_blank\" rel=\"noopener noreferrer\"><img loading=\"lazy\" decoding=\"async\" class=\"aligncenter size-large wp-image-3070\" src=\"http:\/\/loschmidt.chemi.muni.cz\/peg\/wp-content\/uploads\/2015\/12\/Port1-515x285.jpg\" alt=\"Port\" width=\"515\" height=\"285\" srcset=\"https:\/\/loschmidt.chemi.muni.cz\/peg\/wp-content\/uploads\/2015\/12\/Port1-515x285.jpg 515w, https:\/\/loschmidt.chemi.muni.cz\/peg\/wp-content\/uploads\/2015\/12\/Port1-300x166.jpg 300w, https:\/\/loschmidt.chemi.muni.cz\/peg\/wp-content\/uploads\/2015\/12\/Port1.jpg 552w\" sizes=\"auto, (max-width: 515px) 100vw, 515px\" \/><\/a><\/p>\n<h2>Planet Science \u201cProteinov\u00e9 in\u017een\u00fdrstv\u00ed\u201d (CZ):<\/h2>\n<div style=\"text-align: center;\"><a href=\"http:\/\/www.ceskatelevize.cz\/porady\/10095530301-planeta-veda\/207411058200015\/\" target=\"_blank\" rel=\"noopener noreferrer\"><img loading=\"lazy\" decoding=\"async\" class=\"aligncenter size-medium wp-image-3072\" src=\"http:\/\/loschmidt.chemi.muni.cz\/peg\/wp-content\/uploads\/2015\/12\/Planet_Science1.jpg\" alt=\"Planet_Science\" width=\"516\" height=\"173\"><\/a><\/div>\n<h2>CETOCOEN Excellence H2020 Teaming project: For a Healthy Future:<\/h2>\n\n\n<p><\/p>\n","protected":false},"excerpt":{"rendered":"<p>Introduction of Loschmidt Laboratories (long version): &nbsp; Introduction of TEAMING Project 4th Summer School of Protein Engineering: The Best Cooperation of the Year 2014 (CZ): Hunters of Mysteries \u201cL\u00e9\u010div\u00e9 bakterie\u201d (CZ): Popularis \u201cMecen\u00e1\u0161 \u010desk\u00e9 v\u011bdy: Alfred Bader\u201d (CZ): Port \u201cKladivo na jedy\u201d (CZ): Planet Science \u201cProteinov\u00e9 in\u017een\u00fdrstv\u00ed\u201d (CZ): CETOCOEN Excellence H2020 Teaming project: For a [&hellip;]<\/p>\n","protected":false},"author":1,"featured_media":0,"parent":0,"menu_order":62,"comment_status":"closed","ping_status":"closed","template":"","meta":{"ngg_post_thumbnail":0,"footnotes":""},"class_list":["post-3034","page","type-page","status-publish","hentry"],"_links":{"self":[{"href":"https:\/\/loschmidt.chemi.muni.cz\/peg\/wp-json\/wp\/v2\/pages\/3034","targetHints":{"allow":["GET"]}}],"collection":[{"href":"https:\/\/loschmidt.chemi.muni.cz\/peg\/wp-json\/wp\/v2\/pages"}],"about":[{"href":"https:\/\/loschmidt.chemi.muni.cz\/peg\/wp-json\/wp\/v2\/types\/page"}],"author":[{"embeddable":true,"href":"https:\/\/loschmidt.chemi.muni.cz\/peg\/wp-json\/wp\/v2\/users\/1"}],"replies":[{"embeddable":true,"href":"https:\/\/loschmidt.chemi.muni.cz\/peg\/wp-json\/wp\/v2\/comments?post=3034"}],"version-history":[{"count":25,"href":"https:\/\/loschmidt.chemi.muni.cz\/peg\/wp-json\/wp\/v2\/pages\/3034\/revisions"}],"predecessor-version":[{"id":5981,"href":"https:\/\/loschmidt.chemi.muni.cz\/peg\/wp-json\/wp\/v2\/pages\/3034\/revisions\/5981"}],"wp:attachment":[{"href":"https:\/\/loschmidt.chemi.muni.cz\/peg\/wp-json\/wp\/v2\/media?parent=3034"}],"curies":[{"name":"wp","href":"https:\/\/api.w.org\/{rel}","templated":true}]}}