{"id":617,"date":"2013-01-29T12:35:51","date_gmt":"2013-01-29T12:35:51","guid":{"rendered":"http:\/\/loschmidt.chemi.muni.cz\/peg\/?page_id=617"},"modified":"2026-05-06T06:15:24","modified_gmt":"2026-05-06T06:15:24","slug":"research-projects","status":"publish","type":"page","link":"https:\/\/loschmidt.chemi.muni.cz\/peg\/group\/research-projects\/","title":{"rendered":"Research Grants"},"content":{"rendered":"<table class=\"projectsTable\">\n<tbody>\n<tr>\n<th>Duration<\/th>\n<th>Project<\/th>\n<\/tr>\n<tr>\n<td>2026-2029<\/td>\n<td><strong>Horizon MSCA Doctoral Networks <\/strong>Machine Learning for Integrated Multi-Parametric Enzyme and Bioprocess Design (ELEGANCE); 101169207 <\/td>\n<\/tr>\n<tr>\n<td>2025-2029<\/td>\n<td><strong>Grant Agency of the Czech Republic <\/strong>Junior Star Project: Engineering Next-generation Thrombolytics for the Treatment of Stroke; GM25-18233M<\/td>\n<\/tr>\n<tr>\n<td>2025-2029<\/td>\n<td><strong>Grant Agency of the Czech Republic <\/strong>EXPRO Project: Resolving the Puzzle of Resonance Energy Transfer in Bioluminescence; GX25-17329X<\/td>\n<\/tr>\n<tr>\n<td>2025-2027<\/td>\n<td><strong>European Union-Funded Recovery Plan <\/strong>The Advanced Protein Biotechnology Consortium: A Model for Fostering Economic Growth and Mitigating Brain Drain in Eastern Slovakia; 09-I02-03-V01-00021<\/td>\n<\/tr>\n<tr>\n<td>2025-2027<\/td>\n<td><strong>Swiss National Science Foundation &#038; Grant Agency of the Czech Republic <\/strong>A Microfluidic Platform to Probe the Molecular Basis of Alzheimer&#8217;s Disease and Screen for New Drug Candidates; GF25-15784L<\/td>\n<\/tr>\n<tr>\n<td>2024-2030<\/td>\n<td><strong>Horizon Europe <\/strong>Center for Artificial Intelligence and Quantum Computing in System Brain Research (CLARA); 101136607<\/td>\n<\/tr>\n<tr>\n<td>2023-2026<\/td>\n<td><strong>Czech National Node to the European Clinical Research Infrastructure Network (CZECRIN) <\/strong>Project of the Ministry of Education, Youth and Sports of the Czech Republic; LM2023049<\/td>\n<\/tr>\n<tr>\n<td>2023-2026<\/td>\n<td><strong>Czech National Infrastructure for Biological data (ELIXIR CZ) <\/strong>Project of the Ministry of Education, Youth and Sports of the Czech Republic; LM2023055<\/td>\n<\/tr>\n<tr>\n<td>2023-2026<\/td>\n<td><strong>HORIZON-CSA<\/strong> Alzheimer&#8217;s Disease Diagnostics Innovation and Translation to Clinical Practice in Central Europe (ADDIT-CE); 101087124<\/td>\n<\/tr>\n<tr>\n<td>2023-2028<\/td>\n<td><strong>Technology Agency of the Czech Republic<\/strong> REcombinant TEchnologies for MEDic\u00edne RETEMED; TN02000122<\/td>\n<\/tr>\n<tr>\n<td>2023-2028<\/td>\n<td><strong>Technology Agency of the Czech Republic<\/strong> Personalised Medicine: From Translational Research into Biomedical Applications PerMed; TN02000109<\/td>\n<\/tr>\n<tr>\n<td>2022-2025<\/td>\n<td><strong>NPO Exceles, National Institute for Cancer Research<\/strong> Grant of the Ministry of Education, Youth and Sports of the Czech Republic;&nbsp;LX22NPO5102<\/td>\n<\/tr>\n<tr>\n<td>2022-2025<\/td>\n<td><strong>NPO Exceles, National Institute for Neurological Research<\/strong> Grant of the Ministry of Education, Youth and Sports of the Czech Republic; LX22NPO5107<\/td>\n<\/tr>\n<tr>\n<td>2023-2026<\/td>\n<td><strong>Horizon 2020 Framework Programme <\/strong>COZYME: Establishing a Pan-European Network on Computational Redesign of Enzymes; OC-2021-1-25536<\/td>\n<\/tr>\n<tr>\n<td>2022-2024<\/td>\n<td><strong>Grant Agency of the Czech Republic <\/strong>Exploring the Acquisition of Novel Protein Functions within Haloalkane Dehalogenase Family; 22-09853S<\/td>\n<\/tr>\n<tr>\n<td>2021-2024<\/td>\n<td><strong>Technology Agency of the Czech Republic<\/strong> Stabilization of commercially-relevant FGF proteins using advanced automated methods of protein engineering;&nbsp;FW03010208<\/td>\n<\/tr>\n<tr>\n<td>2021-2022<\/td>\n<td><strong>Technology Agency of the Czech Republic <\/strong>Engineering and Characterization of Luciferases with Improved Bioluminescence Properties; 052021<\/td>\n<\/tr>\n<tr>\n<td>2020-2023<\/td>\n<td><strong>Grant Agency of the Czech Republic <\/strong>Elucidation of Molecular Recognition and Development of New Software Tools for Identification and Design of Protein Transport Pathways; 20-15915Y<\/td>\n<\/tr>\n<tr>\n<td>2020-2027<\/td>\n<td><strong>Horizon 2020 Teaming Phase 2 <\/strong>CETOCOEN Excellence; 857560<\/td>\n<\/tr>\n<tr>\n<td>2020-2027<\/td>\n<td><strong>Czech Ministry of Education, Youth and Sports Teaming Phase 2 <\/strong>CETOCOEN Excellence; 02.1.01\/0.0\/0.0\/18_046\/0015975<\/td>\n<\/tr>\n<tr>\n<td>2019-2021<\/td>\n<td><strong>OPVVV Grant of the Ministry of Education, Youth and Sports of the Czech Republic <\/strong>Support of MSCA IF fellowships at FNUSA-ICRC, CZ.02.2.69\/0.0\/0.0\/19_074\/0016274<\/td>\n<\/tr>\n<tr>\n<td>2019-2021<\/td>\n<td><strong>MSCAfellow3@MUNI<\/strong> ENDYN; CZ.02.2.69\/0.0\/0.0\/19_074\/0012727<\/td>\n<\/tr>\n<tr>\n<td>2019-2021<\/td>\n<td><strong>Grant Agency of Masaryk University<\/strong> Decoding the Molecular Principles of Enzyme Evolution; MUNI\/H\/1561\/2018<\/td>\n<\/tr>\n<tr>\n<td>2019-2022<\/td>\n<td><strong>Horizon 2020 Research and Innovation<\/strong> SinFonia: Synthetic Biology-guided Engineering of Pseudomonas Putida for Biofluorination; 814418<\/td>\n<\/tr>\n<tr>\n<td>2019-2022<\/td>\n<td><strong>Horizon 2020 Research Infrastructures<\/strong> ELIXIR-EXCELERATE: Implementation and Early Operation of ELIXIR &#8211; the European Infrastructure for Life-Science Data; 676559<\/td>\n<\/tr>\n<tr>\n<td>2019-2022<\/td>\n<td><strong>Horizon 2020 Nanotechnologies, Advanced Materials, Biotechnology and Advanced Manufacturing and Processing<\/strong> Synthetic Biology-Guided Engineering of Pseudomonas Putida for Biofluorination; 814418-2<\/td>\n<\/tr>\n<tr>\n<td>2019-2022<\/td>\n<td><strong>Grant Technological Agency of the Czech Republic<\/strong> Personalized Medicine \u2013 Diagnostics and Therapy; TN01000013<\/td>\n<\/tr>\n<tr>\n<td>2018-2022<\/td>\n<td><strong>OP VVV Excellent Research<\/strong> INBIO &#8211; Engineering of New Biomaterials and Biopharmaceuticals for the Diagnosis and Treatment of the Cerebrovascular and Neurodegenerative Diseases; CZ.02.1.01\/0.0\/0.0\/16_026\/0008451<\/td>\n<\/tr>\n<tr>\n<td>2018-2020<\/td>\n<td><strong>MSCA<\/strong> Structural and Biochemical Studies of an Ancestral Enzyme with Dual Dehalogenase and Luciferase Activity; 792772<\/td>\n<\/tr>\n<tr>\n<td>2018-2021<\/td>\n<td><strong>MSCAfellow@MUNI<\/strong>; CZ.02.2.69\/0.0\/0.0\/17_050\/0008496<\/td>\n<\/tr>\n<tr>\n<td>2018-2021<\/td>\n<td><strong>Postdoc@MUNI<\/strong>; CZ.02.2.69\/0.0\/16_027\/0008360<\/td>\n<\/tr>\n<tr>\n<td>2018-2023<\/td>\n<td><strong>OP VVV Excellent research<\/strong> ENOCH &#8211; Molecular, Cellular and Clinical Approach to Healthy Ageing; CZ.02.1.01\/0.0\/0.0\/16_019\/0000868<\/td>\n<\/tr>\n<tr>\n<td>2018-2022<\/td>\n<td><strong>Grant of the Ministry of Education, Youth and Sports of the Czech Republic<\/strong> Engineering of New Biomaterials and Biopharmaceuticals for the Diagnosis and Treatment of the Cerebrovascular and Neurodegenerative Diseases; CZ.02.1.01\/0.0\/0.0\/16_026\/0008451<\/td>\n<\/tr>\n<tr>\n<td>2017-2018<\/td>\n<td><strong>Horizon 2020 Teaming Phase 1<\/strong> CETOCOEN Excellence; 763677<\/td>\n<\/tr>\n<tr>\n<td>2017-2019<\/td>\n<td><strong>Grant Agency of the Czech Republic<\/strong> Study of Enzyme Hydration and Flexibility by Advanced Structural and Biophysical Methods; 17-24321S<\/td>\n<\/tr>\n<tr>\n<td>2017-2020<\/td>\n<td><strong>Grant Technological Agency of the Czech Republic<\/strong> Production of Stable Fibroblast Growth Factors for Research, Therapeutic and Cosmetic Applications; TH02010219<\/td>\n<\/tr>\n<tr>\n<td>2017-2020<\/td>\n<td><strong>Horizon 2020 Industrial Leadership<\/strong> Synthetic Bacterial Lipid Rafts to Optimize Industrial Bioprocesses; 720776<\/td>\n<\/tr>\n<tr>\n<td>2017-2020<\/td>\n<td><strong>Horizon 2020 International Training Network<\/strong> Directed Protein Evolution for Synthetic Biology and Biocatalysis; 722610<\/td>\n<\/tr>\n<tr>\n<td>2016-2022<\/td>\n<td><strong>Grant of the Ministry of Education of the Czech Republic ESFRI<\/strong> Center for Systems Biology; LM2015055<\/td>\n<\/tr>\n<tr>\n<td>2016-2022<\/td>\n<td><strong>Grant of the Ministry of Education of the Czech Republic ESFRI<\/strong> Czech National Infrastructure for Biological Data; LM2015047<\/td>\n<\/tr>\n<tr>\n<td>2016-2020<\/td>\n<td><strong>Grant of the Ministry of Education of the Czech Republic<\/strong> St. Anne\u00b4s University Hospital &#8211; Translational Medicine; LQ1605<\/td>\n<\/tr>\n<tr>\n<td>2016-2018<\/td>\n<td><strong>Grant Agency of the Czech Republic<\/strong> Directed Evolution of Dynamical Elements in Enzymes Using Microfluidic Chips; 16-07965S<\/td>\n<\/tr>\n<tr>\n<td>2016-2018<\/td>\n<td><strong>Grant Agency of the Czech Republic<\/strong> Structural Basis for the Emergence of New Enzymatic Activities; 16-24223S<\/td>\n<\/tr>\n<tr>\n<td>2016-2018<\/td>\n<td><strong>Grant Agency of the Czech Republic<\/strong> Elucidating the Role of Dynamic Tunnels in Enzyme Catalysis: Simulations and Fluorescence Experiments; 16-06096S<\/td>\n<\/tr>\n<tr>\n<td>2015-2018<\/td>\n<td><strong>Horizon 2020 Research Infrastructures<\/strong> ELIXIR-EXCELERATE: Implementation and Early Operation of ELIXIR &#8211; the European Infrastructure for Life-Science Data; 676559<\/td>\n<\/tr>\n<tr>\n<td>2015<\/td>\n<td><strong>Horizon 2020 SME Instrument<\/strong> Industrial Production of Stable Fibroblast Growth Factors for Broad Therapeutic, Research and Personal Care Applications; SEP-210181190<\/td>\n<\/tr>\n<tr>\n<td>2015-2017<\/td>\n<td><strong>Interdisciplinary Research Projects of Masaryk University<\/strong> Advanced Hybrid Methods for Study of Transport Processes in Proteins and Their Application for Design of Biocatalysts; MUNI\/M\/1888\/2014<\/td>\n<\/tr>\n<tr>\n<td>2014-2018<\/td>\n<td><strong>Grant of the Ministry of Education of the Czech Republic<\/strong> The Research Centre for Toxic Compounds in the Environment; LO1214<\/td>\n<\/tr>\n<tr>\n<td>2014-2017<\/td>\n<td><strong>Grant Technological Agency of the Czech Republic<\/strong> Biosensor for Monitoring of Toxic Compounds in the Environment; TA04021380<\/td>\n<\/tr>\n<tr>\n<td>2014-2016<\/td>\n<td><strong>Czech-American Program CONTACT<\/strong> New Concepts and Tools for Rational Design of Enzymes; LH14027<\/td>\n<\/tr>\n<tr>\n<td>2014-2015<\/td>\n<td><strong>Grant of the Ministry of Education of Czech Republic<\/strong> Popularization of Science and Research in Natural Sciences and Mathematics Using Potential of Masaryk University; CZ.1.07\/2.3.00\/45.0018<\/td>\n<\/tr>\n<tr>\n<td>2013-2015<\/td>\n<td><strong>Grant of the Ministry of Education of Czech Republic<\/strong> ICRC Human Bridge \u2013 Incubator of Young Talents III; CZ.1.07\/2.3.00\/20.0239<\/td>\n<\/tr>\n<tr>\n<td>2013-2015<\/td>\n<td><strong>Grant of the Ministry of Education of Czech Republic<\/strong> Employment of Young Scientists to Promote International Collaboration; CZ.1.07\/2.3.00\/30.0037<\/td>\n<\/tr>\n<tr>\n<td>2013-2015<\/td>\n<td><strong>Grant of the European Union<\/strong> FP7 REGPOT \u2013 Human Bridge; 316345<\/td>\n<\/tr>\n<tr>\n<td>2012-2016<\/td>\n<td><strong>Grant Agency of the Czech Republic<\/strong> Structure-Functional Relationships of Haloalkane Dehalogenases; P207\/12\/0775<\/td>\n<\/tr>\n<tr>\n<td>2012-2016<\/td>\n<td><strong>Grant Agency of the Czech Republic<\/strong> Construction of a Synthetic Metabolic Pathway for Degradation of Important Environmental Pollutant by Protein and Metabolic Engineering; P503\/12\/0572<\/td>\n<\/tr>\n<tr>\n<td>2012-2015<\/td>\n<td><strong>Grant of the European Union<\/strong> NewProt \u2014 An Interactive Protein Engineering Portal with Validated Software and Database Facilities; 289350<\/td>\n<\/tr>\n<tr>\n<td>2012-2014<\/td>\n<td><strong>Grant of the Ministry of Education of the Czech Republic<\/strong> Centre of Experimental Biomedicine; CZ.1.07\/2.3.00\/20.0183<\/td>\n<\/tr>\n<tr>\n<td>2012-2013<\/td>\n<td><strong>Grant of the Ministry of Education of the Czech Republic<\/strong> Pre-Seed PRECEDENCE; CZ.1.05\/3.1.00\/13.0292<\/td>\n<\/tr>\n<tr>\n<td>2011-2015<\/td>\n<td><strong>Grant of the Ministry of Education of the Czech Republic<\/strong> International Clinical Research Centre; CZ.1.05\/1.1.00\/02.0123<\/td>\n<\/tr>\n<tr>\n<td>2010-2014<\/td>\n<td><strong>Grant of the Ministry of Education of the Czech Republic<\/strong> Research Centre for Toxic Substances in the Environment; CZ.1.05\/2.1.00\/01.0001<\/td>\n<\/tr>\n<tr>\n<td>2010-2012<\/td>\n<td><strong>Grant Agency of the Czech Republic<\/strong> Analysis and Visualization of Protein Structures; P202\/10\/1435<\/td>\n<\/tr>\n<tr>\n<td>2010-2012<\/td>\n<td><strong>Grant of the Ministry of Education of the Czech Republic<\/strong> Mendel Centre for Education in Biology, Biomedicine a Bioinformatics; OP VK CZ.1.07\/2.3.00\/09.0186<\/td>\n<\/tr>\n<tr>\n<td>2009-2013<\/td>\n<td><strong>Grant Agency of the Czech Academy of Sciences<\/strong> Evolution of Substrate Specificity in Enzymes Acting on Xenobiotic Compounds; IAA401630901<\/td>\n<\/tr>\n<tr>\n<td>2008-2012<\/td>\n<td><strong>Grant Agency of the Czech Republic<\/strong> Specific Ion Effects for Proteins in Solutions and Related Biologically Relevant Systems; 203\/08\/0114<\/td>\n<\/tr>\n<tr>\n<td>2007-2009<\/td>\n<td><strong>Grant Agency of the Czech Republic<\/strong> Visualization of Protein Structures; 201\/07\/0927<\/td>\n<\/tr>\n<tr>\n<td>2006-2010<\/td>\n<td><strong>Research Centers of the Ministry of Education of the Czech Republic<\/strong> Center for Biocatalysis and Biotransformation; LC06010<\/td>\n<\/tr>\n<tr>\n<td>2005-2011<\/td>\n<td><strong>Research Intentions of the Ministry of Education of the Czech Republic<\/strong> Interactions among the Chemicals, Environment and Biological Systems and their Consequences on the Global, Regional and Local Scales; MSM0021622412<\/td>\n<\/tr>\n<tr>\n<td>2005-2011<\/td>\n<td><strong>Research Intentions of the Ministry of Education of the Czech Republic<\/strong> Proteins in Metabolism and during Interaction of Organisms with Environment; MSM0021622413<\/td>\n<\/tr>\n<tr>\n<td>2004-2006<\/td>\n<td><strong>European Molecular Biology Organization and Howard Hughes Medical Institute<\/strong> EMBO\/HHMI Scientist; 796<\/td>\n<\/tr>\n<tr>\n<td>2004-2006<\/td>\n<td><strong>Program ERASMUS of the European Union<\/strong> MedNatNet &#8211; Medical Natural Sciences Network; 109757-CP-1-2003<\/td>\n<\/tr>\n<tr>\n<td>2004-2005<\/td>\n<td><strong>NATO Linkage Grant<\/strong> Optical Biosensors for Contaminant Monitoring; EST.CLG.980504<\/td>\n<\/tr>\n<tr>\n<td>2003-2005<\/td>\n<td><strong>Program CONTACT of the Ministry of Education of the Czech Republic<\/strong> Construction of Dehalogenating Enzymes for Biotechnological Applications; ME551<\/td>\n<\/tr>\n<tr>\n<td>2002-2004<\/td>\n<td><strong>Grant Agency of the Czech Republic<\/strong> Functional Architecture of an Active Site in a Maize Beta-glucosidase; 203\/02\/0865<\/td>\n<\/tr>\n<tr>\n<td>2002-2004<\/td>\n<td><strong>Grant Agency of the Czech Republic<\/strong> Modelling of the Structure and Interaction of Elicitors of the Fungus<br \/>\n<span class=\"projital\">Phytophthora; 522\/02\/0925 <\/span><\/td>\n<\/tr>\n<tr>\n<td>2001-2003<\/td>\n<td><strong>Project Barrande<\/strong> Etude du mode d&#8217;action des \u00e9licitines, prot\u00e9ines fongiques inductrices des m\u00e9canismes de d\u00e9fence des plantes; 2002-42-1<\/td>\n<\/tr>\n<tr>\n<td>2000-2004<\/td>\n<td><strong>Research Centers of the Ministry of Education of the Czech Republic<\/strong> Biomolecular Center; LN00A016<\/td>\n<\/tr>\n<tr>\n<td>1999-2004<\/td>\n<td><strong>Research Intentions of the Ministry of Education of the Czech Republic<\/strong> Structure-Function Relationships of Biomolecules and their Role in Metabolism; CEZ:J07\/98:143100005<\/td>\n<\/tr>\n<tr>\n<td>1999-2000<\/td>\n<td><strong>NATO Linkage Grant<\/strong> Computer Aided Engineering of Pollutants Biodegradation; MTECH.LG.974701<\/td>\n<\/tr>\n<tr>\n<td>1998-2002<\/td>\n<td><strong>Program CONTACT of the Ministry of Education of the Czech Republic<\/strong> Rational Re-design of Enzymes Involved in Degradation of Toxic Organic Pollutants; ME276<\/td>\n<\/tr>\n<tr>\n<td>1997-2000<\/td>\n<td><strong>Post-Doc Grant of the Grant Agency of the Czech Republic<\/strong> Study of the Molecular Mechanisms of Biodegradation Reactions; 203\/97\/P149<\/td>\n<\/tr>\n<tr>\n<td>1996-2000<\/td>\n<td><strong>Project of the Ministry of Education of the Czech Republic<\/strong> Laboratory of Structure and Dynamics of Biomolecules; VS96095<\/td>\n<\/tr>\n<tr>\n<td>1996<\/td>\n<td><strong>Project of the Ministry of Environment of the Czech Republic<\/strong> Methodology of the Risk Assessment; PP\u017dP\/340\/2\/96<\/td>\n<\/tr>\n<tr>\n<td>1995<\/td>\n<td><strong>Project of the Ministry of Environment of the Czech Republic<\/strong> Risk Assessment; VZ\/5200\/1995<\/td>\n<\/tr>\n<tr>\n<td>1993-1995<\/td>\n<td><strong>International Project of the European Union<\/strong> Assessment of QSARs for Predicting Fate and Effects of Chemicals in the Environment; EV5V-CT92-0211 and CIPD-CT93-0042<\/td>\n<\/tr>\n<\/tbody>\n<\/table>\n","protected":false},"excerpt":{"rendered":"<p>Duration Project 2026-2029 Horizon MSCA Doctoral Networks Machine Learning for Integrated Multi-Parametric Enzyme and Bioprocess Design (ELEGANCE); 101169207 2025-2029 Grant Agency of the Czech Republic Junior Star Project: Engineering Next-generation Thrombolytics for the Treatment of Stroke; GM25-18233M 2025-2029 Grant Agency of the Czech Republic EXPRO Project: Resolving the Puzzle of Resonance Energy Transfer in Bioluminescence; [&hellip;]<\/p>\n","protected":false},"author":1,"featured_media":0,"parent":414,"menu_order":32,"comment_status":"closed","ping_status":"closed","template":"","meta":{"ngg_post_thumbnail":0,"footnotes":""},"class_list":["post-617","page","type-page","status-publish","hentry"],"_links":{"self":[{"href":"https:\/\/loschmidt.chemi.muni.cz\/peg\/wp-json\/wp\/v2\/pages\/617","targetHints":{"allow":["GET"]}}],"collection":[{"href":"https:\/\/loschmidt.chemi.muni.cz\/peg\/wp-json\/wp\/v2\/pages"}],"about":[{"href":"https:\/\/loschmidt.chemi.muni.cz\/peg\/wp-json\/wp\/v2\/types\/page"}],"author":[{"embeddable":true,"href":"https:\/\/loschmidt.chemi.muni.cz\/peg\/wp-json\/wp\/v2\/users\/1"}],"replies":[{"embeddable":true,"href":"https:\/\/loschmidt.chemi.muni.cz\/peg\/wp-json\/wp\/v2\/comments?post=617"}],"version-history":[{"count":86,"href":"https:\/\/loschmidt.chemi.muni.cz\/peg\/wp-json\/wp\/v2\/pages\/617\/revisions"}],"predecessor-version":[{"id":11448,"href":"https:\/\/loschmidt.chemi.muni.cz\/peg\/wp-json\/wp\/v2\/pages\/617\/revisions\/11448"}],"up":[{"embeddable":true,"href":"https:\/\/loschmidt.chemi.muni.cz\/peg\/wp-json\/wp\/v2\/pages\/414"}],"wp:attachment":[{"href":"https:\/\/loschmidt.chemi.muni.cz\/peg\/wp-json\/wp\/v2\/media?parent=617"}],"curies":[{"name":"wp","href":"https:\/\/api.w.org\/{rel}","templated":true}]}}