{"id":876,"date":"2013-02-28T09:42:41","date_gmt":"2013-02-28T09:42:41","guid":{"rendered":"http:\/\/loschmidt.chemi.muni.cz\/peg\/?page_id=876"},"modified":"2025-01-29T12:21:55","modified_gmt":"2025-01-29T12:21:55","slug":"contact","status":"publish","type":"page","link":"https:\/\/loschmidt.chemi.muni.cz\/peg\/contact\/","title":{"rendered":"Contact"},"content":{"rendered":"<p><script type=\"text\/javascript\" src=\"http:\/\/api4.mapy.cz\/loader.js\"><\/script><script type=\"text\/javascript\">\/\/ <![CDATA[\nLoader.load()\n\/\/ ]]><\/script><\/p>\n<p style=\"text-align: center;\"><strong>Loschmidt Laboratories<\/strong><br \/>\n<a href=\"http:\/\/www.sci.muni.cz\/ueb\/\" target=\"_blank\" rel=\"noopener noreferrer\">Department of Experimental Biology<\/a> &amp; <a href=\"http:\/\/www.recetox.muni.cz\/\" target=\"_blank\" rel=\"noopener noreferrer\">Research Centre for Toxic Compounds in the Environment<\/a>, <a href=\"http:\/\/www.sci.muni.cz\/\" target=\"_blank\" rel=\"noopener noreferrer\">Faculty of Science<\/a>, <a href=\"http:\/\/www.muni.cz\" target=\"_blank\" rel=\"noopener noreferrer\">Masaryk University<\/a><br \/>\nKamenice 5, Bld. C13, 625 00 Brno, Czech Republic<\/p>\n<p style=\"text-align: center;\">&nbsp;<a href=\"https:\/\/www.fnusa-icrc.org\/en\/we-create-the-future-of-medicine\/\" target=\"_blank\" rel=\"noopener\">International Clinical Research Center of St. Anne\u2019s University Hospital Brno and Faculty of Medicine<\/a>, Masaryk University<br \/>\nPh. +420 549 4930 41, FAX +420 549 4962 03<br \/>\ne-mail: jiri@chemi.muni.cz [Prof. Damborsky]<\/p>\n<p>&nbsp;<\/p>\n<p style=\"text-align: center;\">How to get to us:<br \/>\n49.1775569N, 16.5695411E<\/p>\n<p><img loading=\"lazy\" decoding=\"async\" class=\"wp-image-6591 aligncenter\" src=\"https:\/\/loschmidt.chemi.muni.cz\/peg\/wp-content\/uploads\/2021\/03\/Campus_Bohunice_map-300x206.png\" alt=\"\" width=\"488\" height=\"335\" srcset=\"https:\/\/loschmidt.chemi.muni.cz\/peg\/wp-content\/uploads\/2021\/03\/Campus_Bohunice_map-300x206.png 300w, https:\/\/loschmidt.chemi.muni.cz\/peg\/wp-content\/uploads\/2021\/03\/Campus_Bohunice_map-515x353.png 515w, https:\/\/loschmidt.chemi.muni.cz\/peg\/wp-content\/uploads\/2021\/03\/Campus_Bohunice_map.png 727w\" sizes=\"auto, (max-width: 488px) 100vw, 488px\" \/><\/p>\n<h2>by car<\/h2>\n<ul>\n<li>from Praha, Olomouc, B\u0159eclav using motorway D1, exit 190<\/li>\n<li>from Svitavy through &#8220;Pis\u00e1reck\u00fd tunel&#8221;<\/li>\n<li>parking \u2013 car park of Department Store Campus Square (paid if standing for more than 3 hours) or car parks behind the Department Store Campus Square (entrance from Akademick\u00e1 Street, 49.1774447N, 16.5642350E, or 49.1755772N, 16.5638811E)<\/li>\n<\/ul>\n<h2>&nbsp;by public transport<\/h2>\n<ul>\n<li>tram no. <strong>8<\/strong> to the stop &#8220;Nemocnice Bohunice&#8221;<\/li>\n<li>trolleybuses no. <strong>25<\/strong> and <strong>37<\/strong> to the stop &#8220;Univerzitn\u00ed kampus&#8221;<\/li>\n<li>bus no. <strong>40 <\/strong>to the stop &#8220;Nemocnice Bohunice&#8221; or &#8220;Univerzitn\u00ed kampus&#8221;<\/li>\n<\/ul>\n<h2>by train<\/h2>\n<ul>\n<li>from the main train station using bus no. <strong>40<\/strong> from the stop &#8220;\u00dazk\u00e1&#8221; to the stop &#8220;Nemocnice Bohunice&#8221; &#8211; 15 min<\/li>\n<li>from the main train station using tram no. <strong>8<\/strong> from the stop &#8220;Hlavn\u00ed n\u00e1dra\u017e\u00ed&#8221; to the stop &#8220;Nemocnice Bohunice&#8221; &#8211; 15 min<\/li>\n<\/ul>\n<h2>by bus<\/h2>\n<ul>\n<li>from the bus station &#8220;Zvona\u0159ka&#8221; using bus no. <strong>40<\/strong> from the stop &#8220;Autobusov\u00e9 n\u00e1dra\u017e\u00ed&#8221; to the stop &#8220;Nemocnice Bohunice&#8221; &#8211; 21 min<\/li>\n<li>from the bus station &#8220;Bene\u0161ova-Grand&#8221; using tram no. <strong>8<\/strong> from the stop &#8220;Hlavn\u00ed n\u00e1dra\u017e\u00ed&#8221; to the stop &#8220;Nemocnice Bohunice&#8221; &#8211; 15 min<\/li>\n<\/ul>\n","protected":false},"excerpt":{"rendered":"<p>Loschmidt Laboratories Department of Experimental Biology &amp; Research Centre for Toxic Compounds in the Environment, Faculty of Science, Masaryk University Kamenice 5, Bld. C13, 625 00 Brno, Czech Republic &nbsp;International Clinical Research Center of St. Anne\u2019s University Hospital Brno and Faculty of Medicine, Masaryk University Ph. +420 549 4930 41, FAX +420 549 4962 03 [&hellip;]<\/p>\n","protected":false},"author":1,"featured_media":0,"parent":0,"menu_order":50,"comment_status":"closed","ping_status":"closed","template":"","meta":{"ngg_post_thumbnail":0,"footnotes":""},"class_list":["post-876","page","type-page","status-publish","hentry"],"_links":{"self":[{"href":"https:\/\/loschmidt.chemi.muni.cz\/peg\/wp-json\/wp\/v2\/pages\/876","targetHints":{"allow":["GET"]}}],"collection":[{"href":"https:\/\/loschmidt.chemi.muni.cz\/peg\/wp-json\/wp\/v2\/pages"}],"about":[{"href":"https:\/\/loschmidt.chemi.muni.cz\/peg\/wp-json\/wp\/v2\/types\/page"}],"author":[{"embeddable":true,"href":"https:\/\/loschmidt.chemi.muni.cz\/peg\/wp-json\/wp\/v2\/users\/1"}],"replies":[{"embeddable":true,"href":"https:\/\/loschmidt.chemi.muni.cz\/peg\/wp-json\/wp\/v2\/comments?post=876"}],"version-history":[{"count":31,"href":"https:\/\/loschmidt.chemi.muni.cz\/peg\/wp-json\/wp\/v2\/pages\/876\/revisions"}],"predecessor-version":[{"id":10292,"href":"https:\/\/loschmidt.chemi.muni.cz\/peg\/wp-json\/wp\/v2\/pages\/876\/revisions\/10292"}],"wp:attachment":[{"href":"https:\/\/loschmidt.chemi.muni.cz\/peg\/wp-json\/wp\/v2\/media?parent=876"}],"curies":[{"name":"wp","href":"https:\/\/api.w.org\/{rel}","templated":true}]}}